{"id":974,"date":"2019-07-17T12:37:34","date_gmt":"2019-07-17T12:37:34","guid":{"rendered":"http:\/\/robinfo.oma.be\/?page_id=974"},"modified":"2020-07-07T11:36:17","modified_gmt":"2020-07-07T11:36:17","slug":"eclipses-2019","status":"publish","type":"page","link":"https:\/\/robinfo.oma.be\/fr\/astro-info\/eclipses\/eclipses-2019\/","title":{"rendered":"\u00c9clipses 2019"},"content":{"rendered":"\r\n<h3>Il y aura en 2019 cinq \u00e9clipses: trois de Soleil et deux de Lune<\/h3>\r\n\r\n\r\n\r\n\r\n\r\n\r\n\r\n<table class=\"wp-block-table\">\r\n<tbody>\r\n<tr>\r\n<td><strong>Date<\/strong><\/td>\r\n<td><strong>Type<\/strong><\/td>\r\n<td><strong>Visibilit\u00e9<\/strong><\/td>\r\n<\/tr>\r\n<tr>\r\n<td>5 &#8211; 6 janvier 2019<\/td>\r\n<td>\u00c9clipse partielle de Soleil<\/td>\r\n<td>Invisible en Belgique<\/td>\r\n<\/tr>\r\n<tr>\r\n<td>21 janvier 2019<\/td>\r\n<td>\u00c9clipse totale de Lune<\/td>\r\n<td>En partie visible en Belgique<\/td>\r\n<\/tr>\r\n<tr>\r\n<td>2 juillet 2019<\/td>\r\n<td>\u00c9clipse totale de Soleil<\/td>\r\n<td>Invisible en Belgique<\/td>\r\n<\/tr>\r\n<tr>\r\n<td>16 &#8211; 17 juillet 2019<\/td>\r\n<td>\u00c9clipse partielle de Lune<\/td>\r\n<td>En partie visible en Belgique<\/td>\r\n<\/tr>\r\n<tr>\r\n<td>26 d\u00e9cembre 2019<\/td>\r\n<td>\u00c9clipse annulaire de Soleil<\/td>\r\n<td>Invisible en Belgique<\/td>\r\n<\/tr>\r\n<\/tbody>\r\n<\/table>\r\n\r\n\r\n\r\n\r\n\r\n\r\n\r\n<h3>I &#8211; 5\/6 janvier 2019 &#8211; \u00c9clipse partielle de Soleil, invisible en Belgique<\/h3>\r\n\r\n\r\n\r\n\r\n\r\n\r\n\r\n<table class=\"wp-block-table\">\r\n<tbody>\r\n<tr>\r\n<td><strong>Phase<\/strong><\/td>\r\n<td><strong>Temps universel<\/strong><\/td>\r\n<td><strong>Longitude<\/strong><\/td>\r\n<td><strong>Latitude<\/strong><\/td>\r\n<\/tr>\r\n<tr>\r\n<td>Commencement de l&rsquo;\u00e9clipse<\/td>\r\n<td>5 janvier 2019 23h34,1<\/td>\r\n<td>119 04 E<\/td>\r\n<td>41 36 N<\/td>\r\n<\/tr>\r\n<tr>\r\n<td>Maximum de l&rsquo;\u00e9clipse<\/td>\r\n<td>6 janvier 2019 01h41,4<\/td>\r\n<td>153 35 E<\/td>\r\n<td>67 19 N<\/td>\r\n<\/tr>\r\n<tr>\r\n<td>Fin de l&rsquo;\u00e9clipse<\/td>\r\n<td>6 janvier 2019 03h48,8<\/td>\r\n<td>168 19 W<\/td>\r\n<td>43 13 N<\/td>\r\n<\/tr>\r\n<\/tbody>\r\n<\/table>\r\n\r\n\r\n\r\n\r\n\r\n\r\n\r\n<p>Grandeur maximale de l&rsquo;\u00e9clipse: 0,715, le diam\u00e8tre du disque solaire \u00e9tant pris pour unit\u00e9.<\/p>\r\n\r\n\r\n\r\n<p>La carte ci-dessous montre la r\u00e9gion o\u00f9 l&rsquo;\u00e9clipse est observable. L&rsquo;explication des codes utilis\u00e9s se trouve en bas de page.<\/p>\r\n\r\n\r\n\r\n<figure class=\"wp-block-image\"><img loading=\"lazy\" width=\"625\" height=\"454\" class=\"wp-image-1095 aligncenter\" src=\"https:\/\/robinfo.oma.be\/wp-content\/uploads\/2019\/07\/EC20190105-4.jpg\" alt=\"\" \/><\/figure>\r\n\r\n\r\n\r\n<h3>II &#8211; 21 janvier 2019 &#8211; Eclipse totale de Lune, en partie visible en Belgique<\/h3>\r\n\r\n\r\n\r\n\r\n\r\n\r\n\r\n<table class=\"wp-block-table\">\r\n<tbody>\r\n<tr>\r\n<td><strong> Phase<\/strong><\/td>\r\n<td><strong> Temps universel <br \/><\/strong><\/td>\r\n<td><strong> Longitude<\/strong><\/td>\r\n<td><strong>Latitude<\/strong><\/td>\r\n<td><strong>Angle de position<\/strong><\/td>\r\n<td><strong> Hauteur \u00e0 Uccle <\/strong><\/td>\r\n<\/tr>\r\n<tr>\r\n<td>Entr\u00e9e de la Lune dans la p\u00e9nombre<\/td>\r\n<td>02h35,0<\/td>\r\n<td>037 34 W<\/td>\r\n<td>20 32 N<\/td>\r\n<td>110 E<\/td>\r\n<td>+45<\/td>\r\n<\/tr>\r\n<tr>\r\n<td>Entr\u00e9e de la Lune dans l&rsquo;ombre<\/td>\r\n<td>03h33,5<\/td>\r\n<td>051 35 W<\/td>\r\n<td>20 28 N<\/td>\r\n<td>118 E<\/td>\r\n<td>+36<\/td>\r\n<\/tr>\r\n<tr>\r\n<td>Commencement de l&rsquo;\u00e9clipse totale<\/td>\r\n<td>04h40,8<\/td>\r\n<td>067 41 W<\/td>\r\n<td>20 23 N<\/td>\r\n<td>147 E<\/td>\r\n<td>+26<\/td>\r\n<\/tr>\r\n<tr>\r\n<td>Maximum de l&rsquo;\u00e9clipse<\/td>\r\n<td>05h12,3<\/td>\r\n<td>075 14 W<\/td>\r\n<td>20 20 N<\/td>\r\n<td>187 E<\/td>\r\n<td>+21<\/td>\r\n<\/tr>\r\n<tr>\r\n<td>Fin de l&rsquo;\u00e9clipse totale<\/td>\r\n<td>05h43,8<\/td>\r\n<td>082 47 W<\/td>\r\n<td>20 18 N<\/td>\r\n<td>226 E<\/td>\r\n<td>+16<\/td>\r\n<\/tr>\r\n<tr>\r\n<td>Sortie de la Lune de l&rsquo;ombre<\/td>\r\n<td>06h51,0<\/td>\r\n<td>098 53 W<\/td>\r\n<td>20 12 N<\/td>\r\n<td>256 E<\/td>\r\n<td>+07<\/td>\r\n<\/tr>\r\n<tr>\r\n<td>Coucher de la Lune \u00e0 Uccle<\/td>\r\n<td>07h39,3<\/td>\r\n<td>110 27 W<\/td>\r\n<td>20 08 N<\/td>\r\n<td>262 E<\/td>\r\n<td>0<\/td>\r\n<\/tr>\r\n<tr>\r\n<td>Sortie de la Lune de la p\u00e9nombre<\/td>\r\n<td>07h49,5<\/td>\r\n<td>112 54 W<\/td>\r\n<td>20 07 N<\/td>\r\n<td>263 E<\/td>\r\n<td>&#8211;<\/td>\r\n<\/tr>\r\n<\/tbody>\r\n<\/table>\r\n\r\n\r\n\r\n\r\n\r\n\r\n\r\n<p>La longitude et la latitude se rapportent au point de la Terre o\u00f9 la Lune se trouve \u00e0 cet instant au z\u00e9nith. L&rsquo;angle de position est d\u00e9fini \u00e0 partir de la ligne imaginaire qui relie le centre du disque lunaire au centre de l&rsquo;ombre de la Terre. Il est mesur\u00e9 au centre du disque lunaire, \u00e0 partir du Nord, dans le sens inverse du mouvement des aiguilles d&rsquo;une montre. Au d\u00e9but et \u00e0 la fin des phases de p\u00e9nombre et d&rsquo;ombre, c&rsquo;est l&rsquo;angle de position du point de contact. La hauteur et les instants de lever et coucher de la Lune sont calcul\u00e9s pour son centre, sans tenir compte de la r\u00e9fraction.<\/p>\r\n\r\n\r\n\r\n<p>Grandeur de l&rsquo;\u00e9clipse: 1,201, le diam\u00e8tre du disque lunaire \u00e9tant pris pour unit\u00e9.<\/p>\r\n\r\n\r\n\r\n<p>La carte ci-dessous montre la r\u00e9gion o\u00f9 l&rsquo;\u00e9clipse est observable. L&rsquo;explication des codes utilis\u00e9s se trouve en bas de page.<\/p>\r\n\r\n\r\n\r\n<figure class=\"wp-block-image\"><img loading=\"lazy\" width=\"625\" height=\"454\" class=\"wp-image-1098 aligncenter\" src=\"https:\/\/robinfo.oma.be\/wp-content\/uploads\/2019\/07\/EC20190121-3.jpg\" alt=\"\" \/><\/figure>\r\n\r\n\r\n\r\n<h3>III &#8211; 2 juillet 2019 &#8211; Eclipse totale de Soleil, invisible en Belgique<\/h3>\r\n\r\n\r\n\r\n\r\n\r\n\r\n\r\n<table class=\"wp-block-table\">\r\n<tbody>\r\n<tr>\r\n<td><strong>Phase<\/strong><\/td>\r\n<td><strong>Temps universel <br \/><\/strong><\/td>\r\n<td><strong>Longitude<\/strong><\/td>\r\n<td><strong>Latitude<\/strong><\/td>\r\n<\/tr>\r\n<tr>\r\n<td>Commencement de l&rsquo;\u00e9clipse<\/td>\r\n<td>16h55,2<\/td>\r\n<td>152 13 W<\/td>\r\n<td>23 58 S<\/td>\r\n<\/tr>\r\n<tr>\r\n<td>Commencement de l&rsquo;\u00e9clipse totale<\/td>\r\n<td>18h01,1<\/td>\r\n<td>160 06 W<\/td>\r\n<td>37 10 S<\/td>\r\n<\/tr>\r\n<tr>\r\n<td>Commencement de l&rsquo;\u00e9clipse centrale<\/td>\r\n<td>18h02,3<\/td>\r\n<td>160 25 W<\/td>\r\n<td>37 40 S<\/td>\r\n<\/tr>\r\n<tr>\r\n<td>\u00c9clipse centrale au midi apparent local<\/td>\r\n<td>19h21,7<\/td>\r\n<td>109 24 W<\/td>\r\n<td>17 25 S<\/td>\r\n<\/tr>\r\n<tr>\r\n<td>Maximum de l&rsquo;\u00e9clipse<\/td>\r\n<td>19h26,0<\/td>\r\n<td>108 01 W<\/td>\r\n<td>17 23 S<\/td>\r\n<\/tr>\r\n<tr>\r\n<td>Fin de l&rsquo;\u00e9clipse centrale<\/td>\r\n<td>20h43,6<\/td>\r\n<td>057 42 W<\/td>\r\n<td>35 48 S<\/td>\r\n<\/tr>\r\n<tr>\r\n<td>Fin de l&rsquo;\u00e9clipse totale<\/td>\r\n<td>20h44,8<\/td>\r\n<td>058 02 W<\/td>\r\n<td>35 18 S<\/td>\r\n<\/tr>\r\n<tr>\r\n<td>Fin de l&rsquo;\u00e9clipse<\/td>\r\n<td>21h50,6<\/td>\r\n<td>066 13 W<\/td>\r\n<td>22 02 S<\/td>\r\n<\/tr>\r\n<\/tbody>\r\n<\/table>\r\n\r\n\r\n\r\n\r\n\r\n\r\n\r\n<p>La carte ci-dessous montre la r\u00e9gion o\u00f9 l&rsquo;\u00e9clipse est observable. L&rsquo;explication des codes utilis\u00e9s se trouve en bas de page.<\/p>\r\n\r\n\r\n\r\n<p>La dur\u00e9e de la phase de totalit\u00e9 le long de la ligne de centralit\u00e9 atteindra un maximum de 4m38s en un point situ\u00e9 par 109\u00b0 de longitude ouest et 17\u00b0 de latitude sud.<\/p>\r\n\r\n\r\n\r\n<figure class=\"wp-block-image\"><img loading=\"lazy\" width=\"625\" height=\"454\" class=\"wp-image-1101 aligncenter\" src=\"https:\/\/robinfo.oma.be\/wp-content\/uploads\/2019\/07\/EC20190702-3.jpg\" alt=\"\" \/><\/figure>\r\n\r\n\r\n\r\n<h3>IV &#8211; 16\/17 juillet 2019 &#8211; Eclipse partielle de Lune, en partie visible en Belgique<\/h3>\r\n\r\n\r\n\r\n\r\n\r\n\r\n\r\n<table class=\"wp-block-table\">\r\n<tbody>\r\n<tr>\r\n<td><strong>Phase<\/strong><\/td>\r\n<td><strong>Temps universel <br \/><\/strong><\/td>\r\n<td><strong>Longitude<\/strong><\/td>\r\n<td><strong>Latitude<\/strong><\/td>\r\n<td><strong>Angle de position<br \/><\/strong><\/td>\r\n<td><strong> Hauteur \u00e0 Uccle <\/strong><\/td>\r\n<\/tr>\r\n<tr>\r\n<td>Entr\u00e9e de la Lune dans la p\u00e9nombre<\/td>\r\n<td>16 juillet 2019 18h42,1<\/td>\r\n<td>079 38 E<\/td>\r\n<td>22 00 S<\/td>\r\n<td>062 E<\/td>\r\n<td>&#8211;<\/td>\r\n<\/tr>\r\n<tr>\r\n<td>Lever de la Lune \u00e0 Uccle<\/td>\r\n<td>16 juillet 2019 19h51,2<\/td>\r\n<td>062 56 E<\/td>\r\n<td>21 57 S<\/td>\r\n<td>049 E<\/td>\r\n<td>0<\/td>\r\n<\/tr>\r\n<tr>\r\n<td>Entr\u00e9e de la Lune dans l&rsquo;ombre<\/td>\r\n<td>16 juillet 2019 20h01,3<\/td>\r\n<td>060 29 E<\/td>\r\n<td>21 57 S<\/td>\r\n<td>046 E<\/td>\r\n<td>+01<\/td>\r\n<\/tr>\r\n<tr>\r\n<td>Maximum de l&rsquo;\u00e9clipse<\/td>\r\n<td>16 juillet 2019 21h30,7<\/td>\r\n<td>038 54 E<\/td>\r\n<td>21 53 S<\/td>\r\n<td>356 E<\/td>\r\n<td>+10<\/td>\r\n<\/tr>\r\n<tr>\r\n<td>Sortie de la Lune de l&rsquo;ombre<\/td>\r\n<td>16 juillet 2019 23h00,1<\/td>\r\n<td>017 19 E<\/td>\r\n<td>21 49 S<\/td>\r\n<td>306 E<\/td>\r\n<td>+16<\/td>\r\n<\/tr>\r\n<tr>\r\n<td>Lune au m\u00e9ridien \u00e0 Uccle<\/td>\r\n<td>16 juillet 2019 23h53,7<\/td>\r\n<td>004 21 E<\/td>\r\n<td>21 46 S<\/td>\r\n<td>293 E<\/td>\r\n<td>+17<\/td>\r\n<\/tr>\r\n<tr>\r\n<td>Sortie de la Lune de la p\u00e9nombre<\/td>\r\n<td>17 juillet 2019 00h19,4<\/td>\r\n<td>001 51 W<\/td>\r\n<td>21 45 S<\/td>\r\n<td>290 E<\/td>\r\n<td>+16<\/td>\r\n<\/tr>\r\n<\/tbody>\r\n<\/table>\r\n\r\n\r\n\r\n\r\n\r\n\r\n\r\n<p>La longitude et la latitude se rapportent au point de la Terre o\u00f9 la Lune se trouve \u00e0 cet instant au z\u00e9nith. L&rsquo;angle de position est d\u00e9fini \u00e0 partir de la ligne imaginaire qui relie le centre du disque lunaire au centre de l&rsquo;ombre de la Terre. Il est mesur\u00e9 au centre du disque lunaire, \u00e0 partir du Nord, dans le sens inverse du mouvement des aiguilles d&rsquo;une montre. Au d\u00e9but et \u00e0 la fin des phases de p\u00e9nombre et d&rsquo;ombre, c&rsquo;est l&rsquo;angle de position du point de contact. La hauteur et les instants de lever et coucher de la Lune sont calcul\u00e9s pour son centre, sans tenir compte de la r\u00e9fraction.<\/p>\r\n\r\n\r\n\r\n<p>Grandeur de l&rsquo;\u00e9clipse: 0,658, le diam\u00e8tre du disque lunaire \u00e9tant pris pour unit\u00e9.<\/p>\r\n\r\n\r\n\r\n<p>La carte ci-jointe montre la r\u00e9gion o\u00f9 l&rsquo;\u00e9clipse est observable. L&rsquo;explication des codes utilis\u00e9s se trouve en bas de page.<\/p>\r\n\r\n\r\n\r\n<figure class=\"wp-block-image\"><img loading=\"lazy\" width=\"625\" height=\"454\" class=\"wp-image-1104 aligncenter\" src=\"https:\/\/robinfo.oma.be\/wp-content\/uploads\/2019\/07\/EC20190716-3.jpg\" alt=\"\" \/><\/figure>\r\n\r\n\r\n\r\n<h3>V &#8211; 26 d\u00e9cembre 2019 &#8211; Eclipse annulaire de Soleil, invisible en Belgique<\/h3>\r\n\r\n\r\n\r\n\r\n\r\n\r\n\r\n<table class=\"wp-block-table\">\r\n<tbody>\r\n<tr>\r\n<td><strong>Phase<\/strong><\/td>\r\n<td><strong>Temps universel <br \/><\/strong><\/td>\r\n<td><strong>Longitude<\/strong><\/td>\r\n<td><strong>Latitude<\/strong><\/td>\r\n<\/tr>\r\n<tr>\r\n<td>Commencement de l&rsquo;\u00e9clipse<\/td>\r\n<td>02h29,8<\/td>\r\n<td>060 18 E<\/td>\r\n<td>17 52 N<\/td>\r\n<\/tr>\r\n<tr>\r\n<td>Commencement de l&rsquo;\u00e9clipse annulaire<\/td>\r\n<td>03h34,5<\/td>\r\n<td>048 10 E<\/td>\r\n<td>25 49 N<\/td>\r\n<\/tr>\r\n<tr>\r\n<td>Commencement de l&rsquo;\u00e9clipse centrale<\/td>\r\n<td>03h36,0<\/td>\r\n<td>048 13 E<\/td>\r\n<td>25 59 N<\/td>\r\n<\/tr>\r\n<tr>\r\n<td>Maximum de l&rsquo;\u00e9clipse<\/td>\r\n<td>05h12,7<\/td>\r\n<td>100 57 E<\/td>\r\n<td>1 11 N<\/td>\r\n<\/tr>\r\n<tr>\r\n<td>\u00c9clipse centrale au midi apparent local<\/td>\r\n<td>05h14,5<\/td>\r\n<td>101 26 E<\/td>\r\n<td>01 07 N<\/td>\r\n<\/tr>\r\n<tr>\r\n<td>Fin de l&rsquo;\u00e9clipse centrale<\/td>\r\n<td>06h59,4<\/td>\r\n<td>156 43 E<\/td>\r\n<td>18 54 N<\/td>\r\n<\/tr>\r\n<tr>\r\n<td>Fin de l&rsquo;\u00e9clipse annulaire<\/td>\r\n<td>07h01,0<\/td>\r\n<td>156 44 E<\/td>\r\n<td>18 43 N<\/td>\r\n<\/tr>\r\n<tr>\r\n<td>Fin de l&rsquo;\u00e9clipse<\/td>\r\n<td>08h05,7<\/td>\r\n<td>144 16 E<\/td>\r\n<td>10 42 N<\/td>\r\n<\/tr>\r\n<\/tbody>\r\n<\/table>\r\n\r\n\r\n\r\n\r\n\r\n\r\n\r\n<p>Grandeur maximale de l&rsquo;\u00e9clipse: 0,971, le diam\u00e8tre du disque solaire \u00e9tant pris pour unit\u00e9.<\/p>\r\n<p>La carte ci-jointe montre la r\u00e9gion o\u00f9 l&rsquo;\u00e9clipse est observable. L&rsquo;explication des codes utilis\u00e9s se trouve en bas de page.<\/p>\r\n\r\n\r\n\r\n<p>La dur\u00e9e de la phase annulaire le long de la ligne de centralit\u00e9 atteindra un maximum de 3m34s en un point situ\u00e9 par 105\u00b0 de longitude est et 1\u00b0 de latitude nord.<\/p>\r\n\r\n\r\n\r\n<h3><img loading=\"lazy\" class=\"aligncenter size-full wp-image-1107\" src=\"https:\/\/robinfo.oma.be\/wp-content\/uploads\/2019\/07\/EC20191226-3.jpg\" alt=\"\" width=\"625\" height=\"454\" \/>Explications :<\/h3>\r\n\r\n\r\n\r\n<p>Les codes utilis\u00e9s sur les cartes pour indiquer la visibilit\u00e9 des \u00e9clipses de Lune sont: l&rsquo;entr\u00e9e dans la p\u00e9nombre est visible dans les r\u00e9gions 1 \u00e0 6, l&rsquo;entr\u00e9e dans l&rsquo;ombre dans les r\u00e9gions 2 \u00e0 7, le d\u00e9but de la totalit\u00e9 dans les r\u00e9gions 3 \u00e0 8. Les sorties de la totalit\u00e9, de l&rsquo;ombre et de la p\u00e9nombre sont respectivement observables dans les r\u00e9gions 4 \u00e0 9, 5 \u00e0 10, et 6 \u00e0 11. Dans la r\u00e9gion 6, on peut observer l&rsquo;\u00e9clipse enti\u00e8re, dans les r\u00e9gions 5 \u00e0 7 les phases ombrales sont observables; dans les r\u00e9gions 4 \u00e0 8 la totalit\u00e9 est enti\u00e8rement visible.<\/p>\r\n\r\n\r\n\r\n<p>Sur les cartes de visibilit\u00e9 d&rsquo;\u00e9clipses de Soleil, les codes suivants sont utilis\u00e9s:<\/p>\r\n\r\n\r\n\r\n<p>\u00ab\u00a0P\u00a0\u00bb: Eclipse partielle de Soleil, visible.<br \/>\u00ab\u00a0p\u00a0\u00bb: Eclipse partielle de Soleil, en partie visible.<br \/>\u00ab\u00a0R\u00a0\u00bb: Eclipse annulaire, dont la phase annulaire est enti\u00e8rement observable.<br \/>\u00ab\u00a0r\u00a0\u00bb: Eclipse annulaire, dont la phase annulaire est partiellement observable.<br \/>\u00ab\u00a0T\u00a0\u00bb: Eclipse totale, dont la phase de totalit\u00e9 est enti\u00e8rement observable.<br \/>\u00ab\u00a0t\u00a0\u00bb: Eclipse totale, dont la phase de totalit\u00e9 est partiellement observable.<\/p>\r\n\r\n\r\n\r\n<p>Les donn\u00e9es de base ayant servi \u00e0 la r\u00e9daction du chapitre des \u00e9clipses ont \u00e9t\u00e9 emprunt\u00e9es \u00e0 l&rsquo;int\u00e9gration num\u00e9rique DE405, aimablement mise \u00e0 notre disposition par le Jet Propulsion Laboratory. Pour passer du Temps Terrestre (TT) au Temps universel (UT), la relation provisoire suivante a \u00e9t\u00e9 utilis\u00e9e:<\/p>\r\n\r\n\r\n\r\n<p>UT = TT &#8211; 70,0 s<\/p>\r\n","protected":false},"excerpt":{"rendered":"<p>Il y aura en 2019 cinq \u00e9clipses: trois de Soleil et deux de Lune Date Type Visibilit\u00e9 5 &#8211; 6 janvier 2019 \u00c9clipse partielle de Soleil Invisible en Belgique 21 janvier 2019 \u00c9clipse totale de Lune En partie visible en Belgique 2 juillet 2019 \u00c9clipse totale de Soleil Invisible en Belgique 16 &#8211; 17 juillet [&hellip;]<\/p>\n","protected":false},"author":2,"featured_media":0,"parent":52,"menu_order":0,"comment_status":"closed","ping_status":"closed","template":"","meta":[],"_links":{"self":[{"href":"https:\/\/robinfo.oma.be\/fr\/wp-json\/wp\/v2\/pages\/974"}],"collection":[{"href":"https:\/\/robinfo.oma.be\/fr\/wp-json\/wp\/v2\/pages"}],"about":[{"href":"https:\/\/robinfo.oma.be\/fr\/wp-json\/wp\/v2\/types\/page"}],"author":[{"embeddable":true,"href":"https:\/\/robinfo.oma.be\/fr\/wp-json\/wp\/v2\/users\/2"}],"replies":[{"embeddable":true,"href":"https:\/\/robinfo.oma.be\/fr\/wp-json\/wp\/v2\/comments?post=974"}],"version-history":[{"count":78,"href":"https:\/\/robinfo.oma.be\/fr\/wp-json\/wp\/v2\/pages\/974\/revisions"}],"predecessor-version":[{"id":2742,"href":"https:\/\/robinfo.oma.be\/fr\/wp-json\/wp\/v2\/pages\/974\/revisions\/2742"}],"up":[{"embeddable":true,"href":"https:\/\/robinfo.oma.be\/fr\/wp-json\/wp\/v2\/pages\/52"}],"wp:attachment":[{"href":"https:\/\/robinfo.oma.be\/fr\/wp-json\/wp\/v2\/media?parent=974"}],"curies":[{"name":"wp","href":"https:\/\/api.w.org\/{rel}","templated":true}]}}