{"id":84,"date":"2018-04-18T14:36:18","date_gmt":"2018-04-18T14:36:18","guid":{"rendered":"http:\/\/robinfo.oma.be\/home\/"},"modified":"2026-03-19T13:59:41","modified_gmt":"2026-03-19T12:59:41","slug":"home","status":"publish","type":"page","link":"https:\/\/robinfo.oma.be\/nl\/","title":{"rendered":"Home"},"content":{"rendered":"<p>[vc_row][vc_column][vc_column_text]<\/p>\n<h1 style=\"text-align: center;\">Zomertijd<\/h1>\n<p style=\"text-align: center; font-size: large;\">Op <strong style=\"color: red;\">zondag 29 maart 2026<\/strong>\u00a0\u2019s morgens verzetten we de klok van wintertijd naar <strong>zomertijd<\/strong>.<br \/>\nOm 2u wintertijd wordt de klok naar 3u zomertijd verzet.<\/p>\n<p>[\/vc_column_text][\/vc_column][\/vc_row][vc_row][vc_column width=&#8221;1\/2&#8243;]<div class=\"porto-ultimate-content-box-container \"><div class=\"porto-ultimate-content-box\" style=\"\" id=\"porto_ucb_1320\"><style>#porto-info-list108297665469e3e1eb5cb59 i { color: #0088cc;font-size: 50px; }<\/style><ul id=\"porto-info-list108297665469e3e1eb5cb59\" class=\"porto-info-list \"><li class=\"porto-info-list-item\"><i class=\"porto-info-icon far fa-calendar-alt\"><\/i><div class=\"porto-info-list-item-desc\">\n<h2>Efemeriden per jaar<\/h2>\n<p>Geeft de dagen en uren aan van verschillende astronomische evenementen op de Ukkel-site voor een bepaald jaar, betreffende de Zon, de Maan, de kalender, verduisteringen&#8230; <a href=\"https:\/\/robinfo.oma.be\/nl\/efemeriden\/\">Meer info&#8230;<\/a><\/div><\/li><li class=\"porto-info-list-item\"><i class=\"porto-info-icon far fa-dot-circle\"><\/i><div class=\"porto-info-list-item-desc\">\n<h2>Verduisteringen<\/h2>\n<p>Alle informatie over zons- en maansverduisteringen, (gedeeltelijk) zichtbaar of niet in Belgi\u00eb voor een bepaald jaar. <a href=\"https:\/\/robinfo.oma.be\/nl\/astro-info\/verduisteringen\/\">Meer info&#8230;<\/a><\/div><\/li><\/ul><\/div><\/div>[\/vc_column][vc_column width=&#8221;1\/2&#8243;]<div class=\"porto-ultimate-content-box-container \"><div class=\"porto-ultimate-content-box\" style=\"\" id=\"porto_ucb_5836\"><style>#porto-info-list143064082269e3e1eb5ccfb i { color: #0088cc;font-size: 50px; }<\/style><ul id=\"porto-info-list143064082269e3e1eb5ccfb\" class=\"porto-info-list \"><li class=\"porto-info-list-item\"><i class=\"porto-info-icon fas fa-sun\"><\/i><div class=\"porto-info-list-item-desc\">\n<h2>De zon<\/h2>\n<p>Alle informatie over zonsopgang en zonsondergang, het begin van de astronomische seizoenen, de korten en lengen van de dagen&#8230; voor een bepaald jaar. <a href=\"https:\/\/robinfo.oma.be\/nl\/astro-info\/zon\/\">Meer info&#8230;<\/a><\/div><\/li><li class=\"porto-info-list-item\"><i class=\"porto-info-icon fas fa-moon\"><\/i><div class=\"porto-info-list-item-desc\">\n<h2>De maan<\/h2>\n<p>Alle informatie over maansopgang en -ondergang en de maanfasen voor een bepaald jaar. <a href=\"https:\/\/robinfo.oma.be\/nl\/astro-info\/maan\/\">Meer info&#8230;<\/a><\/div><\/li><\/ul><\/div><\/div>[\/vc_column][\/vc_row][vc_row][vc_column][vc_column_text]<\/p>\n<h2>Wie zijn we?<\/h2>\n<p>De communicatie- en Inlichtingendienst heeft als opdracht om het publiek te informeren en te promoten over de onderzoeksactiviteiten en het erfgoed van de Koninklijke Sterrenwacht van Belgi\u00eb , en ook om wetenschappelijke informatie te verstrekken en door te geven aan het publiek.<br \/>\nDe activiteiten van de communicatie- en informatiedienst bestaan uit verschillende onderdelen:<\/p>\n<ul>\n<li>Informatie aan het publiek over astronomie en hemelverschijnselen<\/li>\n<li>Het beantwoorden van vragen van het publiek, de pers en authoriteiten<\/li>\n<li>Hulp bij allerlei outreach-activiteiten (tentoonstellingen, evenementen zoals de opendeurdagen&#8230;) en communicatieactiviteiten (perscommunicatie, persconferenties, etc.)<\/li>\n<li>Samenwerking met het Planetarium, met name voor de permanente tentoonstellingen op de site van Heizel<\/li>\n<li>Publicatie van het <a href=\"https:\/\/www.astro.oma.be\/nl\/informatie\/publicaties\/jaarverslag\/\" target=\"_blank\" rel=\"noopener noreferrer\">jaarverslag<\/a> en <a href=\"https:\/\/www.astro.oma.be\/nl\/informatie\/het-jaarboek\/\" target=\"_blank\" rel=\"noopener noreferrer\">het Jaarboek van de Koninklijke Sterrenwacht van Belgi\u00eb<\/a><\/li>\n<li>Voorbereiding en publicatie van teksten voor het drukken of voor de <a href=\"http:\/\/www.astro.oma.be\/nl\/nieuws\/\" target=\"_blank\" rel=\"noopener noreferrer\">website van de Sterrenwacht<\/a><\/li>\n<li>Beheer van het archief, de <span class=\"f0f\"><span class=\"f0j\"><span class=\"f3 f0g\"><span class=\"f0\"><span class=\"fr\">bibliotheek<\/span><\/span><\/span><\/span><\/span> en het museum<\/li>\n<\/ul>\n<p>[\/vc_column_text][\/vc_column][\/vc_row][vc_row][vc_column]<div class=\"porto-faqs porto-faqsfn9x wpb_content_element \"><h4 class=\"wpb_heading \"><\/p>\n<h2>Vaak gestelde vragen<\/h2>\n<p><\/h4>\r\n\t<div class=\"page-faqs clearfix m-t-lg wpb_custom_7fe7ddf8f1a240d6488c8a8c41279112\" id=\"porto_faqs_yfwe\">\r\n\r\n\t\t\r\n\t\t\r\n\t\t<div class=\"faq-row faqs-container\">\r\n\t\t\t\n<article class=\"faq varia post-4506 type-faq status-publish hentry faq_cat-varia\">\n\t<section class=\"toggle\">\n\t\t<label>Wat is een meteoriet en hoe herken je die?<\/label>\n\t\t<div class=\"toggle-content\">\n\t\t<span class=\"entry-title\" style=\"display: none;\">Wat is een meteoriet en hoe herken je die?<\/span><span class=\"vcard\" style=\"display: none;\"><span class=\"fn\"><a href=\"https:\/\/robinfo.oma.be\/nl\/author\/florevm\/\" title=\"Berichten van Flore Van Maldeghem\" rel=\"author\">Flore Van Maldeghem<\/a><\/span><\/span><span class=\"updated\" style=\"display:none\">2025-11-03T09:17:25+01:00<\/span><p class=\"western\"><span lang=\"nl-NL\">Een meteoriet is een deeltje vanuit de ruimte dat in de atmosfeer terecht komt, niet opbrandt (zoals een <a href=\"https:\/\/robinfo.oma.be\/nl\/faq\/wat-is-een-meteoor\/\">meteoor<\/a>) en het aardoppervlak bereikt. Het is vrij zeldzaam om een meteoriet te vinden, zeker in een stedelijke context.<\/span><\/p>\r\n<p class=\"western\" align=\"justify\"><span lang=\"nl-NL\">Er bestaan verschillende soorten meteorieten, maar er zijn enkele algemene kenmerken die je al kunnen helpen om te bepalen of een steen een meteoriet is. <\/span><\/p>\r\n\r\n<ul>\r\n \t<li>\r\n<p class=\"western\" align=\"justify\"><span lang=\"nl-NL\">De meeste meteorieten zijn magnetisch: ze blijven zelf niet aan de koelkast hangen, maar een magneet blijft wel aan de meteoriet hangen. <\/span><\/p>\r\n<\/li>\r\n \t<li>\r\n<p class=\"western\" align=\"justify\">De steen lijkt<span lang=\"nl-NL\"> verbrand aan de buitenkant. Een meteoriet heeft afgeronde randen en een roestbruine tot zwarte kleur door de hitte tijdens doorgang door de atmosfeer. <\/span><\/p>\r\n<\/li>\r\n \t<li>\r\n<p class=\"western\" align=\"justify\">Er zijn <span lang=\"nl-NL\">geen gaatjes of pori\u00ebn te zien aan het oppervlak. Ook zie je soms blinkende of roestige stukjes ijzer. <\/span><\/p>\r\n<\/li>\r\n \t<li>\r\n<p class=\"western\" align=\"justify\">Een<span lang=\"nl-NL\"> meteoriet weegt vaak vrij zwaar in vergelijking met een andere steen vanop aarde van dezelfde grootte.<\/span><\/p>\r\n<\/li>\r\n<\/ul>\r\n<p class=\"western\" align=\"justify\"><span lang=\"nl-NL\">De Koninklijke Sterrenwacht van Belgi\u00eb is zelf <\/span><span lang=\"nl-NL\"><b>niet<\/b><\/span><span lang=\"nl-NL\"> bezig met de identificatie van meteorieten. Als je denkt dat je een meteoriet hebt gevonden, kan je onderstaand document gebruiken om te evalueren. Denk je nog steeds een meteoriet gevonden te hebben? Contacteer dan <\/span><span style=\"color: #467886;\"><u><a href=\"mailto:tleduc@naturalsciences.be\">tleduc@naturalsciences.be <\/a><\/u><\/span> <span lang=\"nl-NL\">van het Koninklijk Belgisch Instituut voor Natuurwetenschappen. Voeg zeker een paar foto\u2019s (met schaal) en een beschrijving (vindplaats, uitzicht, gewicht, volume, al dan niet magnetisch, \u2026) van je steen toe. Zo kan je vlotter geholpen worden.<\/span><\/p>\r\n<p align=\"justify\"><a href=\"https:\/\/robinfo.oma.be\/wp-content\/uploads\/2025\/11\/Meteoniet-NL.pdf\">Meteoriet of meteoniet?<\/a><\/p>\t\t<\/div>\n\t<\/section>\n<\/article>\n\n<article class=\"faq seizoenen post-2514 type-faq status-publish hentry faq_cat-seizoenen\">\n\t<section class=\"toggle\">\n\t\t<label>Waarom is de dag langer dan 12 uur tijdens de equinox?<\/label>\n\t\t<div class=\"toggle-content\">\n\t\t<span class=\"entry-title\" style=\"display: none;\">Waarom is de dag langer dan 12 uur tijdens de equinox?<\/span><span class=\"vcard\" style=\"display: none;\"><span class=\"fn\"><a href=\"https:\/\/robinfo.oma.be\/nl\/author\/lbspham\/\" title=\"Berichten van Le Binh San Pham\" rel=\"author\">Le Binh San Pham<\/a><\/span><\/span><span class=\"updated\" style=\"display:none\">2020-03-23T12:04:17+01:00<\/span>Een equinox is een tijdstip in het jaar waarop het vlak van de evenaar van de aarde door het middelpunt van de zon gaat. De noordelijke en zuidelijke hemisfeer van de aarde worden dan op dezelfde manier verlicht. Er vindt op aarde tweemaal per jaar een equinox plaats, namelijk op of rond 20 maart (lente-equinox) en op of rond 23 september (herfst-equinox).\r\n\r\nTijdens de equinox zijn de dag en de nacht echter niet even lang. In werkelijkheid is de lengte van de dag tijdens de equinox iets langer dan de lengte van de nacht.\r\n\r\nWaarom? Dit is voornamelijk om twee redenen:\r\n<ul>\r\n \t<li>De zon wordt vanaf de aarde niet als een punt waargenomen maar als een lichtgevende schijf. Zonsopgang (zonsondergang) is het ogenblik waarop de bovenrand van de zonneschijf\u2014en niet haar middelpunt\u2014aan de horizon verschijnt (verdwijnt). Omdat de bovenrand van de zon voor haar middelpunt verschijnt en na haar middelpunt verdwijnt, krijgen we dus een paar minuten zonlicht meer tijdens de nachtevening.<\/li>\r\n \t<li>Het zonlicht wordt afgebogen door de atmosfeer. Dit is atmosferische refractie, die een langwerpige vorm geeft aan de zon aan de horizon. Hierdoor kan de bovenrand van de zon zichtbaar zijn als deze zich in werkelijkheid onder de horizon bevindt.<\/li>\r\n<\/ul>\r\n<figure id=\"attachment_2515\" aria-describedby=\"caption-attachment-2515\" style=\"width: 900px\" class=\"wp-caption aligncenter\"><img class=\"size-large wp-image-2515\" src=\"https:\/\/robinfo.oma.be\/wp-content\/uploads\/2020\/03\/zonsondergang_NLFR-1024x731.jpg\" alt=\"Illustratie van de atmosferische refractie van de zon\" width=\"900\" height=\"642\" \/><figcaption id=\"caption-attachment-2515\" class=\"wp-caption-text\">Illustratie van de atmosferische refractie van de zon<\/figcaption><\/figure>\r\n\r\nDeze twee effecten samen verklaren dus waarom de lengte van de dag langer is dan 12 uur op de dag van de equinox. De dag waarop het daglicht het dichtst bij 12 uur is, valt v\u00f3\u00f3r de lente-equinox en na de herfst-equinox. In Belgi\u00eb zijn dat 17 of 18 maart en 25 of 26 september.\t\t<\/div>\n\t<\/section>\n<\/article>\n\n<article class=\"faq tijd-en-kalender post-319 type-faq status-publish hentry faq_cat-tijd-en-kalender\">\n\t<section class=\"toggle\">\n\t\t<label>Waarom valt Pasen in 2019 op 21 april en niet op 24 maart ?<\/label>\n\t\t<div class=\"toggle-content\">\n\t\t<span class=\"entry-title\" style=\"display: none;\">Waarom valt Pasen in 2019 op 21 april en niet op 24 maart ?<\/span><span class=\"vcard\" style=\"display: none;\"><span class=\"fn\"><a href=\"https:\/\/robinfo.oma.be\/nl\/author\/lbspham\/\" title=\"Berichten van Le Binh San Pham\" rel=\"author\">Le Binh San Pham<\/a><\/span><\/span><span class=\"updated\" style=\"display:none\">2019-04-04T11:08:26+02:00<\/span>Volgens de oude regel (vastgelegd op het Concilie van Nicea in 325 NC) valt Pasen op de eerste zondag na de eerste volle maan van de lente. Dan zou je volgens de moderne astronomie kunnen stellen:\r\n<ul>\r\n \t<li>de lente start op 20 maart 2019 om 22h58 (Universele tijd) ;<\/li>\r\n \t<li>de eerste volle maan is op 21 maart 2019 om 2h43 (Universele tijd).<\/li>\r\n<\/ul>\r\nPasen valt op de eerste zondag daarna, dus op 24 maart 2019.\r\n\r\nMaar hierbij horen wel enkele bemerkingen.\r\nDe reden hiervoor is dat de Kerkelijke overheden niet afhankelijk wilden zijn van de astronomen. Daarom hebben ze de volgende vereenvoudigingen ingevoerd.\r\n\r\n<strong>1) Het begin van de lente:<\/strong>\r\nVolgens de astronomie wordt dit tijdstip bepaald door de omloop van de Aarde rond de Zon. Hier zit een kleine fluctuatie op aangezien de omlooptijd 365,2422 dagen is. (NB : er zijn nog andere factoren die deze berekening van het begin van de lente be\u00efnvloeden, maar deze zijn in deze context te miniem om te vermelden) Hierdoor kan de lente beginnen op 19, 20 of 21 maart. De Kerk heeft dit vereenvoudigd door altijd 21 maart te nemen.\r\n\r\n<strong>2) Het tijdstip van volle maan:<\/strong>\r\nDe exacte baan van de Maan en de daarbijbehorende maanfases, zijn niet zo vanzelfsprekend te berekenen. De Griek Meton van Athene uit de 5de eeuw VC had hier reeds een elegante oplossing\r\nvoor gevonden. Na vele observaties concludeerde hij dat de Zon en de Maan na 235 lunaties zich weer in dezelfde uitgangspositie bevonden, wat overeenkomt met 19 jaar. Deze cyclus werd de\r\nbasis voor de berekening van de volle maan. Tijdens de kalenderhervorming van 1582 werd deze regel aangepast aan de nieuwe Gregoriaanse kalender.\r\n\r\nDe regel van het Concilie van Nicea dus blijft behouden, maar voor de invulling moet men rekening houden met bovenstaande twee vereenvoudigingen:\r\n<ul>\r\n \t<li>de lente start op 21 maart;<\/li>\r\n \t<li>de eerste volle maan (volgens Meton) is\u00a0 op 20 april 2019.<\/li>\r\n<\/ul>\r\nDus valt Pasen op de eerste zondag daarna: op 21 april 2019.\r\n\r\nZoals in 2019 het geval is, komt het meermaals voor dat de \"eccliastische\" Pasen niet overeenkomt met de \"astronomische\" Pasen. In de 1000-jarige periode te beginnen met 1582, de gregoriaanse hervorming, doet dit verschil zich 84 keren voor. De vorige keer was 1981, de volgende keer is 2038.\r\n\r\nDe Duitse geleerde Carl Friedrich Gauss publiceerde in 1800 een wiskundig algoritme maarmee de paasdatum voor een willekeurig jaar kan berekend woren. Hierbij maakt hij gebruik van\r\nverschillende termen uit de comput zoals het gulden getal en de epacta. Dit algoritme wordt nog steeds gebruikt, soms in een vereenvoudig formaat.\r\n\r\n<strong>Links:<\/strong>\r\n<a href=\"https:\/\/www.astro.oma.be\/nl\/informatie\/wetenschappelijke-inlichtingen\/wanneer-het-pasen\/de-paasdata-van-1583-tot-3000\/\" target=\"_blank\" rel=\"noopener\">Paasdata tussen 1583 en 3000<\/a>\r\n<a href=\"https:\/\/robinfo.oma.be\/nl\/astro-info\/kalender\/algoritme-voor-de-berekening-van-de-paasdatum\/\" target=\"_blank\" rel=\"noopener\">Algoritme voor de berekening van de paasdatum<\/a>\t\t<\/div>\n\t<\/section>\n<\/article>\n\n<article class=\"faq tijd-en-kalender post-297 type-faq status-publish hentry faq_cat-tijd-en-kalender\">\n\t<section class=\"toggle\">\n\t\t<label>Vragen over Christelijke, Islamitische, Isra\u00eblische kalenders&#8230;<\/label>\n\t\t<div class=\"toggle-content\">\n\t\t<span class=\"entry-title\" style=\"display: none;\">Vragen over Christelijke, Islamitische, Isra\u00eblische kalenders&#8230;<\/span><span class=\"vcard\" style=\"display: none;\"><span class=\"fn\"><a href=\"https:\/\/robinfo.oma.be\/nl\/author\/lbspham\/\" title=\"Berichten van Le Binh San Pham\" rel=\"author\">Le Binh San Pham<\/a><\/span><\/span><span class=\"updated\" style=\"display:none\">2019-03-08T12:06:25+01:00<\/span>Sinds 2018 geven we geen informatie meer over religieuze kalenders. We geven nu alleen informatie over de Belgische burgerlijke kalender, die gebaseerd is op de Gregoriaanse kalender.\t\t<\/div>\n\t<\/section>\n<\/article>\n\n<article class=\"faq tijd-en-kalender post-230 type-faq status-publish hentry faq_cat-tijd-en-kalender\">\n\t<section class=\"toggle\">\n\t\t<label>Wat is de Gregoriaanse kalenderhervorming?<\/label>\n\t\t<div class=\"toggle-content\">\n\t\t<span class=\"entry-title\" style=\"display: none;\">Wat is de Gregoriaanse kalenderhervorming?<\/span><span class=\"vcard\" style=\"display: none;\"><span class=\"fn\"><a href=\"https:\/\/robinfo.oma.be\/nl\/author\/lbspham\/\" title=\"Berichten van Le Binh San Pham\" rel=\"author\">Le Binh San Pham<\/a><\/span><\/span><span class=\"updated\" style=\"display:none\">2022-04-08T16:34:22+02:00<\/span>De duur van het jaar in de westerse kalender vindt zijn oorsprong in de <a href=\"http:\/\/www.astro.oma.be\/GENERAL\/INFO\/nli003a.html\" target=\"_blank\" rel=\"noopener\">Romeinse kalender<\/a>. Jaren van 365 dagen met om de vier jaar een schrikkeljaar wou Julius Caesar al vanaf 46 voor Christus laten invoeren, maar het duurde nog wel een tijd voor deze <i>juliaanse<\/i> kalendertelling correct werd toegepast.\r\n\r\nDe bedoeling van deze jaartelling is aan te sluiten bij de duur van het tropische jaar. Dit is de tijd die de zon nodig heeft om weer dezelfde plaats aan de hemel in te nemen. \r\n\r\nEen tropisch jaar duurt 365,242190 dagen of 365 dagen 5 uur 48 minuten 45,2 seconden. Dit is geen geheel aantal dagen. Door om de vier jaar een jaar van 366 dagen in te voeren, zoals in de Juliaanse kalender, heeft men al een goede benadering. Dit geeft een gemiddelde jaarduur van 365,25 dagen.\r\n\r\nNa verloop van tijd begon het kleine verschil (0,0078 dagen per jaar) echter op te lopen. Zo was het echte begin van de lente door de onvolmaaktheid van de juliaanse kalender in de 16de eeuw al naar 11 maart verschoven. Om dit terug in orde brengen besliste Paus Gregorius XIII in 1582 dat de 4de oktober door de 15de moest gevolgd worden. Bovendien liet hij, op vraag van de astronomen van die tijd, de volgende nieuwe regel invoeren: een jaartal deelbaar door 100 mag geen schrikkeljaar zijn, tenzij het deelbaar is door 400. Door alleen de eerste regel toe te passen krijg je na 100 jaar een gemiddelde jaar van 365,24 dagen, de tweede regel geeft op 400 jaar een zeer goede benadering van het tropisch jaar, namelijk 365,2425 dagen. Slechts binnen ongeveer 3000 jaar wordt de onnauwkeurigheid groter dan 1 dag.\r\n\r\nNiet alle landen voerden deze kalender snel en tegelijk in. Rusland wachtte tot in 1917 zodat de bekende oktoberrevolutie nu in november herdacht wordt. Zweden geraakte in de 18de eeuw zo in de war, dat men in 1712 een 29ste en een 30ste februari toevoegde. Griekenland ging pas in 1923 over op de gregoriaanse kalender.\r\n\r\nEen gedetailleerde lijst met bespreking is o.a. te vinden in de tekst van <a href=\"http:\/\/users.skynet.be\/sky60754\/hulpwetenschap\/hulpwetkalverh.htm\" target=\"_blank\" rel=\"noopener\">Pieter Donche<\/a>. Deze merkt ook op dat sommige bronnen elkaar tegenspreken. Zo gebeurde de omschakeling in de streken in de buurt van het huidige Belgi\u00eb pas rond de jaarwisseling 1582-1583. In sommige gebieden (Vlaanderen, Henegouwen) was er geen Kerstmis in het jaar 1582 omdat men 21 december 1582 onmiddellijk liet volgen door 1 januari 1583. Of Brabant en Zeeland toen ook overgingen of al vroeger (14 - 25 december) omschakelden is niet duidelijk. Het prinsbisdom Luik voerde de gregoriaanse hervorming pas in februari 1583 in.\r\n\r\nUitgebreide informatie over kalenders (in het Engels) is ook te vinden in <a href=\"http:\/\/www.tondering.dk\/claus\/calendar.html\" target=\"_blank\" rel=\"noopener\">The Calender FAQ<\/a> of in de <a href=\"http:\/\/emr.cs.uiuc.edu\/home\/reingold\/calendar-book\/index.shtml\" target=\"_blank\" rel=\"noopener\">Calendrical Calculations<\/a>.\t\t<\/div>\n\t<\/section>\n<\/article>\n\n<article class=\"faq tijd-en-kalender post-227 type-faq status-publish hentry faq_cat-tijd-en-kalender\">\n\t<section class=\"toggle\">\n\t\t<label>Wanneer begint een nieuwe eeuw of millennium?<\/label>\n\t\t<div class=\"toggle-content\">\n\t\t<span class=\"entry-title\" style=\"display: none;\">Wanneer begint een nieuwe eeuw of millennium?<\/span><span class=\"vcard\" style=\"display: none;\"><span class=\"fn\"><a href=\"https:\/\/robinfo.oma.be\/nl\/author\/lbspham\/\" title=\"Berichten van Le Binh San Pham\" rel=\"author\">Le Binh San Pham<\/a><\/span><\/span><span class=\"updated\" style=\"display:none\">2019-03-04T16:35:49+01:00<\/span>Een volledige eeuw telt 100 jaren. Er moeten dus 100 jaren <b>voorbij<\/b> zijn vooraleer men aan een volgende eeuw kan beginnen. Vermits onze jaartelling begon met het jaar 1 (na Christus), was de eerste eeuw pas voorbij toen het jaar 100 volledig afgelopen was. Zo ook moest het jaar 1900 voorbij zijn om de 19de eeuw af te sluiten. Ook de 20ste eeuw duurt 100 jaar en die zijn pas voorbij wanneer het jaar 2001 begint.\r\n\r\nDe redenering voor een millennium is dezelfde. Een millennium duurt 1000 jaar en is dan pas voorbij. Het tweede millennium begon op 1 januari 1001 en eindigde bijgevolg op 31 december 2000.\r\n\r\nElke jaartelling begint met het jaar 1 (\u00e9\u00e9n). <strong>Er is geen jaar 0 (nul)<\/strong>.\r\n<h3><b>Een korte historiek<\/b><\/h3>\r\nBij de Romeinen, die de grondslagen voor onze kalender legden, gebeurde de jaartelling, sinds de stichting van Rome, ab urbe condita of AUC (te situeren in 753 voor Christus). Toch werden er ook andere begindata aangenomen. Zo rekende men sinds de 3de eeuw ook met jaren sinds keizer Diocletianus. Omdat deze ook de christenen vervolgde, noemt men deze telling soms ook de jaartelling van de martelaren.\r\n\r\nIn de 6de eeuw begon de monnik Dionysius Exiguus (Denijs de Kleine) te tellen vanaf het jaar dat volgens hem de geboorte van Christus was. Zo werd 248 Anno Diocletiani 532 na Christus. Volgens hem was Christus geboren op 25 december van het jaar net v\u00f3\u00f3r het jaar 1. Hij kende het getal nul niet, maar het is in geen enkele jaartelling gebruikelijk om een jaar nul in te voeren.In de 8ste eeuw begon de Engelse kerkvader Bede ook met jaren <i>voor Christus<\/i> te tellen. Net v\u00f3\u00f3r het jaar 1 na Christus kwam immers het jaar 1 v\u00f3\u00f3r Christus. Dit laatste jaar was dan het laatste jaar van de eerste eeuw voor Christus.\r\n\r\nLet wel dat deze Christelijke jaarrekening pas in de Middeleeuwen in de kerkelijke en nog veel later in de civiele wereld ingang vond. Er waren immers nog vele andere jaarrekeningen in voege. En er was al tegenstand van in het begin o.a. over het geboortejaar van Christus dat, o.a. omwille van de dood van Herodes in 4 v\u00f3\u00f3r Christus, minstens vroeger, misschien wel in 6 of 7 voor Christus moet gesitueerd worden.\r\n\r\nUitgebreide informatie over kalenders (in het Engels) is o.a. te vinden in <a href=\"https:\/\/www.tondering.dk\/claus\/calendar.html\" target=\"_blank\" rel=\"noopener\">The Calender FAQ<\/a>.\t\t<\/div>\n\t<\/section>\n<\/article>\n\n<article class=\"faq varia post-222 type-faq status-publish hentry faq_cat-varia\">\n\t<section class=\"toggle\">\n\t\t<label>Vragen over het weer en het klimaat<\/label>\n\t\t<div class=\"toggle-content\">\n\t\t<span class=\"entry-title\" style=\"display: none;\">Vragen over het weer en het klimaat<\/span><span class=\"vcard\" style=\"display: none;\"><span class=\"fn\"><a href=\"https:\/\/robinfo.oma.be\/nl\/author\/lbspham\/\" title=\"Berichten van Le Binh San Pham\" rel=\"author\">Le Binh San Pham<\/a><\/span><\/span><span class=\"updated\" style=\"display:none\">2025-02-26T16:01:24+01:00<\/span>Wie vragen heeft over weer of klimaat kan de webpagina' s van het Koninklijk Meteorologisch Instituut\u00a0 <a href=\"http:\/\/www.meteo.be\/nl\/\" target=\"_blank\" rel=\"noopener\">het KMI<\/a> consulteren.\t\t<\/div>\n\t<\/section>\n<\/article>\n\n<article class=\"faq varia post-220 type-faq status-publish hentry faq_cat-varia\">\n\t<section class=\"toggle\">\n\t\t<label>Vragen over getijden<\/label>\n\t\t<div class=\"toggle-content\">\n\t\t<span class=\"entry-title\" style=\"display: none;\">Vragen over getijden<\/span><span class=\"vcard\" style=\"display: none;\"><span class=\"fn\"><a href=\"https:\/\/robinfo.oma.be\/nl\/author\/lbspham\/\" title=\"Berichten van Le Binh San Pham\" rel=\"author\">Le Binh San Pham<\/a><\/span><\/span><span class=\"updated\" style=\"display:none\">2019-03-01T19:04:25+01:00<\/span>Wie concrete informatie zoekt over de zeegetijden aan de Belgische kust en op de binnenrivieren kan zich best wenden tot het Ministerie van de Vlaamse Gemeenschap, Afdeling Waterwegen Kust, Hydrografie, Vrijhavenstraat 3, 8400 Oostende (059554211) en\/of Afdeling Maritieme Schelde, Tavernierkaai 3, 2000 Antwerpen (03\/2220803). Enkele websites geven ook informatie hierover: bv. <a href=\"http:\/\/www.vlaamsehydrografie.be\" target=\"_blank\" rel=\"noopener\">http:\/\/www.vlaamsehydrografie.be<\/a> of\u00a0 <a href=\"http:\/\/www.lin.vlaanderen.be\/awz\" target=\"_blank\" rel=\"noopener\">http:\/\/www.lin.vlaanderen.be\/awz<\/a> dat alle waterstanden geeft.\r\n\r\nAan de Koninklijke Sterrenwacht worden de aardgetijden met behulp van gravimeters gemeten en bestudeerd. Vooral de kleine verschillen tussen de astronomische berekening (positie zon, aarde, maan) en de gravimetrische meting worden in detail onderzocht om eventuele andere externe invloeden te detecteren. Meer informatie: <a href=\"https:\/\/www.astro.oma.be\/nl\/wetenschappelijk-onderzoek\/seismologie\/\" target=\"_blank\" rel=\"noopener\">https:\/\/www.astro.oma.be\/nl\/wetenschappelijk-onderzoek\/seismologie\/<\/a>.\t\t<\/div>\n\t<\/section>\n<\/article>\n\t\t<\/div>\r\n\r\n\t\t\r\n\t<\/div>\r\n\r\n\t\r\n\t<\/div>[\/vc_column][\/vc_row]<\/p>\n","protected":false},"excerpt":{"rendered":"<p>[vc_row][vc_column][vc_column_text] Zomertijd Op zondag 29 maart 2026\u00a0\u2019s morgens verzetten we de klok van wintertijd naar zomertijd. Om 2u wintertijd wordt de klok naar 3u zomertijd verzet. [\/vc_column_text][\/vc_column][\/vc_row][vc_row][vc_column width=&#8221;1\/2&#8243;][\/vc_column][vc_column width=&#8221;1\/2&#8243;][\/vc_column][\/vc_row][vc_row][vc_column][vc_column_text] Wie zijn we? De communicatie- en Inlichtingendienst heeft als opdracht om het publiek te informeren en te promoten over de onderzoeksactiviteiten en het erfgoed van de [&hellip;]<\/p>\n","protected":false},"author":1,"featured_media":0,"parent":0,"menu_order":0,"comment_status":"closed","ping_status":"closed","template":"","meta":[],"_links":{"self":[{"href":"https:\/\/robinfo.oma.be\/nl\/wp-json\/wp\/v2\/pages\/84"}],"collection":[{"href":"https:\/\/robinfo.oma.be\/nl\/wp-json\/wp\/v2\/pages"}],"about":[{"href":"https:\/\/robinfo.oma.be\/nl\/wp-json\/wp\/v2\/types\/page"}],"author":[{"embeddable":true,"href":"https:\/\/robinfo.oma.be\/nl\/wp-json\/wp\/v2\/users\/1"}],"replies":[{"embeddable":true,"href":"https:\/\/robinfo.oma.be\/nl\/wp-json\/wp\/v2\/comments?post=84"}],"version-history":[{"count":16,"href":"https:\/\/robinfo.oma.be\/nl\/wp-json\/wp\/v2\/pages\/84\/revisions"}],"predecessor-version":[{"id":4649,"href":"https:\/\/robinfo.oma.be\/nl\/wp-json\/wp\/v2\/pages\/84\/revisions\/4649"}],"wp:attachment":[{"href":"https:\/\/robinfo.oma.be\/nl\/wp-json\/wp\/v2\/media?parent=84"}],"curies":[{"name":"wp","href":"https:\/\/api.w.org\/{rel}","templated":true}]}}